{"id":8,"date":"2017-07-03T12:00:57","date_gmt":"2017-07-03T12:00:57","guid":{"rendered":"http:\/\/sinnenwohl.de\/?page_id=8"},"modified":"2017-10-04T07:37:42","modified_gmt":"2017-10-04T07:37:42","slug":"ueber-mich","status":"publish","type":"page","link":"https:\/\/sinnenwohl.de\/?page_id=8","title":{"rendered":"\u00dcber uns"},"content":{"rendered":"<p><img loading=\"lazy\" decoding=\"async\" class=\"size-full wp-image-311 alignleft\" src=\"http:\/\/sinnenwohl.de\/wp-content\/uploads\/2017\/07\/guembel.png\" alt=\"\" width=\"200\" height=\"200\" srcset=\"https:\/\/sinnenwohl.de\/wp-content\/uploads\/2017\/07\/guembel.png 200w, https:\/\/sinnenwohl.de\/wp-content\/uploads\/2017\/07\/guembel-150x150.png 150w, https:\/\/sinnenwohl.de\/wp-content\/uploads\/2017\/07\/guembel-100x100.png 100w\" sizes=\"(max-width: 200px) 100vw, 200px\" \/>Dr. Dietrich G\u00fcmbel wurde 1943 in K\u00f6nigsberg\/Ostpreussen (heute russ. Kaliningrad) geboren. Er studierte Biologie und Geographie an der Universit\u00e4t Bonn. Nach seinem Staatsexamen, arbeitete er am Max-Planck-Institut f\u00fcr Limnologie in Schlitz\/Hessen.<\/p>\n<p>1974\u00a0 promovierte er an der Universit\u00e4t Giessen zum\u00a0 Dr. rer. nat. (Doktor der Naturwissenschaften).<!--more--><\/p>\n<p>G\u00fcmbels Interesse f\u00fcr \u00f6kologisch-biologische Wirkungsbeziehungen f\u00fchrte ihn zur Betrachtung der Polarit\u00e4t von Bios (Lebewesen) und Kosmos (geistige Welt).<\/p>\n<p>In seiner grundlegenden Publikation: \u201eGanzheitliche Therapie mit Heilkr\u00e4uter-Essenzen\u201c, Heidelberg 1984, entwickelte er einen universellen Schl\u00fcssel f\u00fcr die ganzheitliche Anwendung von pflanzlich-\u00e4therischen \u00d6len, genannt:\u00a0<strong>HEILKR\u00c4UTER-ESSENZ-THERAPIE<\/strong><\/p>\n<p>Aufbauend auf diesen Erfahrungen erforschte G\u00fcmbel die Resonanz-Beziehungen von Essenzen, Farben, T\u00f6nen und Edelsteinen untereinander sowie deren ganzheitliche Auswirkungen auf den Menschen und publizierte diese Erkenntnisse in seinem Buch &#8222;Heilen durch die Sinne &#8211; die Cosmotherapie&#8220;, Haug-Verlag,Heidelberg 1998 (Bezug \u00fcber den Autor ).<\/p>\n<p>Er entdeckte die\u00a0<strong>Schl\u00fcsselfunktion der Sinnesorgane<\/strong>, die die Tore zu den sieben Sch\u00f6pfungsebenen (= Schwingungsebenen) im Menschen darstellen und in engster energetischer Verbindung zu den entsprechenden inneren Organen und Hormondr\u00fcsen stehen. Eine gleichzeitige Stimulation aller Sinnesorgane in einer einzigen Behandlung durch Essenzen \u00fcber die\u00a0<strong>Haut<\/strong>-Ber\u00fchrung,\u00a0<strong>Geschmacks- und Geruchs<\/strong>-Wahrnehmung durch das\u00a0<strong>H\u00f6ren<\/strong>\u00a0(Ohren) und das\u00a0<strong>Sehen<\/strong>\u00a0(Augen) und durch die energetische Wirkung der\u00a0<strong>Edelsteine<\/strong>\u00a0sind die grundlegenden therapeutischen Elemente der von ihm entwickelten\u00a0<strong>COSMO-THERAPIE<\/strong>\u00a0in der das ganzheitliche Selbstbewusstsein als &#8222;drittes Auge&#8220; ) =\u00a0<strong>sechster Sinn<\/strong>\u00a0f\u00fcr das eigene Wohlergehen, sowie das Herz als\u00a0<strong>siebenter Sinn und &#8222;Sinn des Lebens&#8220;<\/strong>\u00a0im Mittelpunkt stehen.<\/p>\n<p>Dr.G\u00fcmbel lebt heute im Elsass\/Frankreich, von wo er weltweit die Cosmo-Therapie publizistisch, sowie durch lehrende T\u00e4tigkeit verbreitet und neue ganzheitlich wirkende Pr\u00e4parate entwickelt, die in den verschiedensten therapeutischen Berufen zur Anwendung kommen. Sein Motto lautet:<\/p>\n<p><strong>&#8222;Im Sinnlichen das \u00dcbersinnliche zu entdecken &#8211; ist der Schl\u00fcssel zur Neuen Welt&#8220;.<\/strong><\/p>\n<p align=\"left\">Dies allein ist ihm Grundlage f\u00fcr ein heilsames und &#8222;sinnvolles Leben&#8220; \u00fcber die Sinnesorgane.<\/p>\n","protected":false},"excerpt":{"rendered":"<p>Dr. Dietrich G\u00fcmbel wurde 1943 in K\u00f6nigsberg\/Ostpreussen (heute russ. Kaliningrad) geboren. Er studierte Biologie und Geographie an der Universit\u00e4t Bonn. Nach seinem Staatsexamen, arbeitete er am Max-Planck-Institut f\u00fcr Limnologie in Schlitz\/Hessen. 1974\u00a0 promovierte er an der Universit\u00e4t Giessen zum\u00a0 Dr. rer. nat. (Doktor der Naturwissenschaften).<\/p>\n","protected":false},"author":1,"featured_media":0,"parent":0,"menu_order":0,"comment_status":"closed","ping_status":"closed","template":"","meta":{"footnotes":""},"_links":{"self":[{"href":"https:\/\/sinnenwohl.de\/index.php?rest_route=\/wp\/v2\/pages\/8"}],"collection":[{"href":"https:\/\/sinnenwohl.de\/index.php?rest_route=\/wp\/v2\/pages"}],"about":[{"href":"https:\/\/sinnenwohl.de\/index.php?rest_route=\/wp\/v2\/types\/page"}],"author":[{"embeddable":true,"href":"https:\/\/sinnenwohl.de\/index.php?rest_route=\/wp\/v2\/users\/1"}],"replies":[{"embeddable":true,"href":"https:\/\/sinnenwohl.de\/index.php?rest_route=%2Fwp%2Fv2%2Fcomments&post=8"}],"version-history":[{"count":9,"href":"https:\/\/sinnenwohl.de\/index.php?rest_route=\/wp\/v2\/pages\/8\/revisions"}],"predecessor-version":[{"id":477,"href":"https:\/\/sinnenwohl.de\/index.php?rest_route=\/wp\/v2\/pages\/8\/revisions\/477"}],"wp:attachment":[{"href":"https:\/\/sinnenwohl.de\/index.php?rest_route=%2Fwp%2Fv2%2Fmedia&parent=8"}],"curies":[{"name":"wp","href":"https:\/\/api.w.org\/{rel}","templated":true}]}}