{"id":7,"date":"2017-07-03T12:00:57","date_gmt":"2017-07-03T12:00:57","guid":{"rendered":"http:\/\/sinnenwohl.de\/?page_id=7"},"modified":"2023-09-20T10:02:01","modified_gmt":"2023-09-20T10:02:01","slug":"startseite","status":"publish","type":"page","link":"https:\/\/sinnenwohl.de\/","title":{"rendered":"Startseite"},"content":{"rendered":"<p><img loading=\"lazy\" decoding=\"async\" class=\"size-full wp-image-48 alignleft\" src=\"http:\/\/sinnenwohl.de\/wp-content\/uploads\/2017\/07\/cropped-drGstart.png\" alt=\"\" width=\"270\" height=\"250\" \/>Dr. Dietrich G\u00fcmbel heisst Sie herzlich willkommen auf unserer Website.<\/p>\n<hr \/>\n<p><strong>Ganzheitliche Harmonisierung \u00fcber die Sinne mit Essenzen, Farben und Kl\u00e4ngen. <\/strong><\/p>\n<hr \/>\n<p>Lassen Sie sich <a href=\"http:\/\/sinnenwohl.de\/cosmo-decoder\" target=\"_blank\" rel=\"noopener noreferrer\">inspirieren<\/a>.<\/p>\n<p><a href=\"https:\/\/sinnenwohl.de\/wp-content\/uploads\/2019\/10\/Beitrag-III-Farben-T\u00f6ne-D\u00fcfte.pdf\">Beitrag III, Farben, T\u00f6ne, D\u00fcfte<\/a><\/p>\n<p><a href=\"https:\/\/sinnenwohl.de\/wp-content\/uploads\/2023\/09\/PREISLISTE-2023-09-Cosmo-Arts-Service.pdf\">PREISLISTE 2023-09 Cosmo-Arts-Service<\/a><\/p>\n\n\n<p><\/p>\n","protected":false},"excerpt":{"rendered":"<p>Dr. Dietrich G\u00fcmbel heisst Sie herzlich willkommen auf unserer Website. Ganzheitliche Harmonisierung \u00fcber die Sinne mit Essenzen, Farben und Kl\u00e4ngen. Lassen Sie sich inspirieren. Beitrag III, Farben, T\u00f6ne, D\u00fcfte PREISLISTE 2023-09 Cosmo-Arts-Service<\/p>\n","protected":false},"author":1,"featured_media":0,"parent":0,"menu_order":0,"comment_status":"closed","ping_status":"closed","template":"","meta":{"footnotes":""},"_links":{"self":[{"href":"https:\/\/sinnenwohl.de\/index.php?rest_route=\/wp\/v2\/pages\/7"}],"collection":[{"href":"https:\/\/sinnenwohl.de\/index.php?rest_route=\/wp\/v2\/pages"}],"about":[{"href":"https:\/\/sinnenwohl.de\/index.php?rest_route=\/wp\/v2\/types\/page"}],"author":[{"embeddable":true,"href":"https:\/\/sinnenwohl.de\/index.php?rest_route=\/wp\/v2\/users\/1"}],"replies":[{"embeddable":true,"href":"https:\/\/sinnenwohl.de\/index.php?rest_route=%2Fwp%2Fv2%2Fcomments&post=7"}],"version-history":[{"count":29,"href":"https:\/\/sinnenwohl.de\/index.php?rest_route=\/wp\/v2\/pages\/7\/revisions"}],"predecessor-version":[{"id":737,"href":"https:\/\/sinnenwohl.de\/index.php?rest_route=\/wp\/v2\/pages\/7\/revisions\/737"}],"wp:attachment":[{"href":"https:\/\/sinnenwohl.de\/index.php?rest_route=%2Fwp%2Fv2%2Fmedia&parent=7"}],"curies":[{"name":"wp","href":"https:\/\/api.w.org\/{rel}","templated":true}]}}