{"id":511,"date":"2018-05-16T11:17:10","date_gmt":"2018-05-16T11:17:10","guid":{"rendered":"http:\/\/sinnenwohl.de\/?page_id=511"},"modified":"2018-05-16T11:17:10","modified_gmt":"2018-05-16T11:17:10","slug":"datenschutz","status":"publish","type":"page","link":"https:\/\/sinnenwohl.de\/?page_id=511","title":{"rendered":"Datenschutz"},"content":{"rendered":"<h2>Datenschutz<\/h2>\n<div>\n<p><span style=\"color: #41484d;\"><u>Angaben zum Verantwortlichen:<\/u><br \/>\nDr. Dietrich G\u00fcmbel, 10 rue A. Schweitzer, F- 68140 Gunsbach<\/span><\/p>\n<p><span style=\"color: #41484d;\"><u>Welche Daten verarbeiten wir f\u00fcr welchen Zweck, Rechtsgrundlagen<\/u><\/span><\/p>\n<ul>\n<li><span style=\"color: #41484d;\"><strong>Gesch\u00e4ftsbezogene Verarbeitung<\/strong><br \/>\nWir verarbeiten Vertragsdaten von unseren Gesch\u00e4ftspartnern zwecks Erbringung von vertraglichen Leistungen, Service und Kundenpflege, Werbung, Marketing und Marktforschung.<\/span><\/li>\n<li><span style=\"color: #41484d;\"><strong>Hosting<\/strong><br \/>\nWir nehmen Hosting-Leistungen in Anspruch. Diese beinhalten folgende Leistungen: Infrastruktur- und Plattformdienstleistungen, Rechenkapazit\u00e4t, Speicherplatz und Datenbankdienste, Sicherheitsleistungen sowie technische Wartungsleistungen, die von uns f\u00fcr den Betrieb des Onlineangebotes in Anspruch genommen werden.<\/span><\/li>\n<li><span style=\"color: #41484d;\"><span style=\"color: #41484d;\"><strong>Erhebung von Zugriffsdaten und Logfiles<\/strong><br \/>\nAuf Grundlage Art. 6 Abs. 1 lit. f der Datenschutzgrundverordnung DSGVO (berechtigtes Interesse) erheben wir bzw. unser Hostinganbieter Daten \u00fcber jeden Zugriff auf den Server, auf dem sich dieser Dienst befindet (Serverlogfiles). Die Zugriffsdaten beinhalten nebst Namen der abgerufenen Website auch Datei, Datum und Uhrzeit des Abrufs, die \u00fcbertragene Datenmenge, R\u00fcckmeldung ob die \u00dcbertragung erfolgreich war, Browsertyp und Version, Betriebssystem des Nutzers, Referrer URL, IP-Adresse sowie der anfragende Provider.<\/span><\/span>Aus Sicherheitsgr\u00fcnden werden die gespeicherten Log-Files maximal 7 Tage gespeichert und anschliessend gel\u00f6scht. Von der L\u00f6schung ausgenommen sind Daten die zu Beweiszwecken erforderlich sind, diese werden erst nach endg\u00fcltiger Kl\u00e4rung des jeweiligen Vorfalls gel\u00f6scht.<\/li>\n<li><span style=\"color: #41484d;\"><span style=\"color: #41484d;\"><strong>Erbringung vertraglicher Leistungen<\/strong><br \/>\nDie Bestandsdaten die wir verarbeiten (beispielsweise \u00a0Namen und Adressen sowie Kontaktdaten von Nutzern), Vertragsdaten (wie zum Beispiel Namen von Kontaktpersonen) dienen dem Zweck der Erf\u00fcllung unserer vertraglichen Verpflichtungen und Serviceleistungen \u00a0(Art. 6 Abs. 1 lit b. DSGVO).<\/span><\/span>Im Rahmen der Inanspruchnahme unserer Onlinedienste, speichern wir die IP-Adresse und den Zeitpunkt der jeweiligen Nutzerhandlung. Die Speicherung erfolgt auf Grundlage unserer berechtigten Interessen, als auch der Nutzer an Schutz vor Missbrauch und sonstiger unbefugter Nutzung. Eine Weitergabe dieser Daten an Dritte erfolgt grunds\u00e4tzlich nicht, au\u00dfer sie ist zur Verfolgung unserer Anspr\u00fcche erforderlich oder es besteht hierzu eine gesetzliche Verpflichtung (Art. 6 Abs. 1 lit. c DSGVO).<\/p>\n<p>Die L\u00f6schung der Daten erfolgt nach Ablauf gesetzlicher Gew\u00e4hrleistungs- und vergleichbarer Pflichten, die Erforderlichkeit der Aufbewahrung der Daten wird alle drei Jahre \u00fcberpr\u00fcft; im Fall der gesetzlichen Archivierungspflichten erfolgt die L\u00f6schung nach deren Ablauf. Angaben im etwaigen Kundenkonto verbleiben bis zu dessen L\u00f6schung.<\/li>\n<li><span style=\"color: #41484d;\"><strong>Kontaktaufnahme<\/strong><br \/>\nWenn Sie mit uns Kontakt aufnehmen (z.B. per E-Mail, Telefon oder schriftlich) werden die Angaben des Nutzers zur Bearbeitung der Kontaktanfrage und deren Abwicklung (Art. 6 Abs. 1 lit. b DSGVO) verarbeitet. Die Angaben der Nutzer k\u00f6nnen in einem Customer-Relationship-Management System (&#8222;CRM System&#8220;) oder vergleichbarer Applikation gespeichert werden.\u00a0Wir l\u00f6schen die Anfragen, sofern diese nicht mehr erforderlich sind. Wir \u00fcberpr\u00fcfen die Erforderlichkeit alle zwei Jahre; Ferner gelten die gesetzlichen Archivierungspflichten.<\/span><\/li>\n<\/ul>\n<p><span style=\"color: #41484d;\"><u>Betroffenenrechte:<\/u><br \/>\nSie haben das Recht auf Auskunft, Berichtigung, L\u00f6schung, Einschr\u00e4nkung der Verarbeitung, Widerspruch gegen die Verarbeitung, sowie das Recht auf Daten\u00fcbertragbarkeit.<\/span><\/p>\n<p><span style=\"color: #41484d;\"><u>Datenschutzanfragen:<\/u><br \/>\nIhre Datenschutzanfragen senden Sie bitte an <a href=\"mailto:info@sinnenwohl.de\">info@sinnenwohl.de<\/a><\/span><\/p>\n<p><span style=\"color: #41484d;\"><u>Beschwerderecht:<\/u><br \/>\nWir weisen Sie auf Ihr Beschwerderecht bei der Aufsichtsbeh\u00f6rde hin.<\/span><\/p>\n<\/div>\n<hr class=\"Separator\" \/>\n<div class=\"AlignRight\"><\/div>\n","protected":false},"excerpt":{"rendered":"<p>Datenschutz Angaben zum Verantwortlichen: Dr. Dietrich G\u00fcmbel, 10 rue A. Schweitzer, F- 68140 Gunsbach Welche Daten verarbeiten wir f\u00fcr welchen Zweck, Rechtsgrundlagen Gesch\u00e4ftsbezogene Verarbeitung Wir verarbeiten Vertragsdaten von unseren Gesch\u00e4ftspartnern zwecks Erbringung von vertraglichen Leistungen, Service und Kundenpflege, Werbung, Marketing und Marktforschung. Hosting Wir nehmen Hosting-Leistungen in Anspruch. Diese beinhalten folgende Leistungen: Infrastruktur- und Plattformdienstleistungen, &hellip; <\/p>\n<p class=\"link-more\"><a href=\"https:\/\/sinnenwohl.de\/?page_id=511\" class=\"more-link\"><span class=\"screen-reader-text\">\u201eDatenschutz\u201c<\/span> weiterlesen<\/a><\/p>\n","protected":false},"author":1,"featured_media":0,"parent":0,"menu_order":0,"comment_status":"closed","ping_status":"closed","template":"","meta":{"footnotes":""},"_links":{"self":[{"href":"https:\/\/sinnenwohl.de\/index.php?rest_route=\/wp\/v2\/pages\/511"}],"collection":[{"href":"https:\/\/sinnenwohl.de\/index.php?rest_route=\/wp\/v2\/pages"}],"about":[{"href":"https:\/\/sinnenwohl.de\/index.php?rest_route=\/wp\/v2\/types\/page"}],"author":[{"embeddable":true,"href":"https:\/\/sinnenwohl.de\/index.php?rest_route=\/wp\/v2\/users\/1"}],"replies":[{"embeddable":true,"href":"https:\/\/sinnenwohl.de\/index.php?rest_route=%2Fwp%2Fv2%2Fcomments&post=511"}],"version-history":[{"count":1,"href":"https:\/\/sinnenwohl.de\/index.php?rest_route=\/wp\/v2\/pages\/511\/revisions"}],"predecessor-version":[{"id":512,"href":"https:\/\/sinnenwohl.de\/index.php?rest_route=\/wp\/v2\/pages\/511\/revisions\/512"}],"wp:attachment":[{"href":"https:\/\/sinnenwohl.de\/index.php?rest_route=%2Fwp%2Fv2%2Fmedia&parent=511"}],"curies":[{"name":"wp","href":"https:\/\/api.w.org\/{rel}","templated":true}]}}