{"id":42,"date":"2017-07-03T12:36:00","date_gmt":"2017-07-03T12:36:00","guid":{"rendered":"http:\/\/sinnenwohl.de\/?page_id=42"},"modified":"2019-05-13T12:28:49","modified_gmt":"2019-05-13T12:28:49","slug":"cosmo-therapy","status":"publish","type":"page","link":"https:\/\/sinnenwohl.de\/?page_id=42","title":{"rendered":"Heilkr\u00e4uter-Essenz-Behandlung | Cosmotherapie"},"content":{"rendered":"<h1 align=\"justify\">Die Sinnesorgane dienen der Sinn-Findung in unserem Leben.<\/h1>\n<p align=\"justify\">Diese Therapie basiert auf der Stimulierung des Sehsinns (Farben), des H\u00f6rsinns (T\u00f6ne und Kl\u00e4nge), des Geruchs- und Geschmacksinns (Essenzen), des Tastsinns (Edelsteine) und des ganzheitlichen Selbst-Bewusstseins (Ich-Sinn = Hypophyse = 6. Sinn), sowie der Anteilnahme des Herzens als 7. Sinn, welches zugleich auch &#8222;das Herz&#8220; aller Sinnesfunktionen ist.<\/p>\n<h1>Wie Pflanzend\u00fcfte auf uns wirken<\/h1>\n<p>Heilkr\u00e4uter-Essenzen sind die Pflanzen-Aromen und werden auch als \u00e4therische \u00d6le bezeichnet.\u00a0 Die D\u00fcfte erregen unsere Nase,\u00a0 werden mit der Atemluft inhaliert und von der Haut aufgenommen. Dabei helfen sie uns<\/p>\n<ul>\n<li>unseren geistigen Zustand \u00fcber das Nervensystem zu harmonisieren,<\/li>\n<li>unser Gef\u00fchlsleben zu beleben<\/li>\n<li>und die gesunden Funktionen der Organe unseres K\u00f6rpers zu st\u00e4rken<\/li>\n<\/ul>\n<p>Die diversen Aromapflanzen k\u00f6nnen ihre \u00e4therischen \u00d6le in den verschiedensten Pflanzenorganen schwerpunktm\u00e4ssig speichern, entweder in den\u00a0<strong>Bl\u00e4ttern (Spross),<\/strong>\u00a0oder in den\u00a0<strong>Bl\u00fcten ( Fr\u00fcchten oder Samen)<\/strong>und schliesslich auch in den\u00a0<strong>Wurzeln ( Holz).<\/strong>\u00a0Der Mensch steht mit seinen eigenen Organen in\u00a0<strong>Resonanz<\/strong>\u00a0zu den Funktionen der Organe der Pflanze:<img loading=\"lazy\" decoding=\"async\" class=\"alignnone wp-image-404 size-full\" style=\"font-size: 1rem; text-align: justify;\" src=\"http:\/\/sinnenwohl.de\/wp-content\/uploads\/2017\/07\/bioimage002.gif\" alt=\"\" width=\"700\" height=\"256\" \/><\/p>\n<ul>\n<li>Bl\u00fcten- (Frucht und Samen) \u00d6le st\u00e4rken die Kopforgane und die Oberhaut (Epidermis)<\/li>\n<li>Blatt-und Spross-\u00d6le st\u00e4rken die Oberk\u00f6rperorgane (Herz, Blut u. Kreislauforgane) und die Unterhaut (Corium)<\/li>\n<li>Wurzel- und Holz-\u00d6le st\u00e4rken die Unterleibsorgane (Darm, Blase u. Sexualorgane) und das Unterhautfettgewebe.<\/li>\n<\/ul>\n<h1>Durch die Anwendung der entsprechenden Heilkr\u00e4uter-Essenzen werden die gesunden Funktionen der Haut und der Haare sowie der Organe des K\u00f6rpers angeregt und somit Gesundheitspflege betrieben.<\/h1>\n<hr \/>\n<p>Die Heilkr\u00e4uter-Essenzen sind pflanzlich-\u00e4therische \u00d6le. Je nach Sorte stammen sie aus\u00a0<em>Wildwuchs<\/em>\u00a0oder oder aus kontrolliert biologischem Anbau (kbA) und wurden\u00a0<strong>mit ausgesuchten Edelsteinen energetisiert<\/strong>.<\/p>\n<p>Sie dienen der Behandlung und Selbstbehandlung zur Inhalation durch die Nase im aromatherapeutischen Sinne und d\u00fcrfen nicht pur auf die Haut gegeben werden. Die Essenzen sind die wesentlichen Wirkstoffe unserer Pr\u00e4parate-Linien, der <span style=\"font-size: 1rem;\"><a href=\"https:\/\/sinnenwohl.de\/balsame-dr-guembel\">BALSAME Dr. G\u00fcmbel<\/a>\u00a0und <a href=\"https:\/\/sinnenwohl.de\/hautpflege-oele-dr-guembel\">HAUT-PFLEGE\u00d6LE Dr. G\u00fcmbel<\/a>.<\/span><\/p>\n<hr \/>\n<p align=\"justify\">Die Sinnesorgane werden als Tore zu den verschiedenen Schwingungsebenen des Menschen erfahren. Bei einer Befindlichkeitsst\u00f6rung zeigt sich ein energetischer Mangel der sich in einem Bed\u00fcrfnis nach einer bestimmten Farbe (<a href=\"http:\/\/sinnenwohl.de\/cosmo-decoder\" target=\"_blank\" rel=\"noopener noreferrer\">Cosmo-Dekoder<\/a>), eines Tons, eines Duftes, eines Geschmacks oder eines Edelsteins zeigt, die \u00fcber eine Farbtafel ausgesucht werden.<\/p>\n<hr \/>\n<p align=\"justify\">In der anschliessenden Behandlung (Heilkr\u00e4uter-Essenz-Behandlung) ergibt sich eine\u00a0<em>gleichzeitige Wirkung auf alle Sinne<\/em>, die eine fehlende Schwingung durch Freude an dieser Stimulation wieder anregt, die sich auf den ganzen Menschen und die entsprechenden inneren Organsysteme belebend auswirken.<\/p>\n<p><a href=\"http:\/\/sinnenwohl.de\/cosmo-decoder\">Machen Sie jetzt den Sinnenwohl-Test<\/a>!<\/p>\n<figure id=\"attachment_28\" aria-describedby=\"caption-attachment-28\" style=\"width: 300px\" class=\"wp-caption alignleft\"><a href=\"http:\/\/sinnenwohl.de\/cosmo-decoder\" target=\"_blank\" rel=\"noopener noreferrer\"><img loading=\"lazy\" decoding=\"async\" class=\"wp-image-28 size-medium\" src=\"http:\/\/sinnenwohl.de\/wp-content\/uploads\/2017\/07\/cropped-Farbkreis-Dr.-G\u00fcmbel-300x291.png\" alt=\"Cosmo-Dekoder\" width=\"300\" height=\"291\" srcset=\"https:\/\/sinnenwohl.de\/wp-content\/uploads\/2017\/07\/cropped-Farbkreis-Dr.-G\u00fcmbel-300x291.png 300w, https:\/\/sinnenwohl.de\/wp-content\/uploads\/2017\/07\/cropped-Farbkreis-Dr.-G\u00fcmbel-768x746.png 768w, https:\/\/sinnenwohl.de\/wp-content\/uploads\/2017\/07\/cropped-Farbkreis-Dr.-G\u00fcmbel-1024x995.png 1024w, https:\/\/sinnenwohl.de\/wp-content\/uploads\/2017\/07\/cropped-Farbkreis-Dr.-G\u00fcmbel.png 2000w\" sizes=\"(max-width: 300px) 100vw, 300px\" \/><\/a><figcaption id=\"caption-attachment-28\" class=\"wp-caption-text\">\u00a9 Cosmo-Dekoder nach Dr. Dietrich G\u00fcmbel<\/figcaption><\/figure>\n<p align=\"justify\">\n","protected":false},"excerpt":{"rendered":"<p>Die Sinnesorgane dienen der Sinn-Findung in unserem Leben. Diese Therapie basiert auf der Stimulierung des Sehsinns (Farben), des H\u00f6rsinns (T\u00f6ne und Kl\u00e4nge), des Geruchs- und Geschmacksinns (Essenzen), des Tastsinns (Edelsteine) und des ganzheitlichen Selbst-Bewusstseins (Ich-Sinn = Hypophyse = 6. Sinn), sowie der Anteilnahme des Herzens als 7. Sinn, welches zugleich auch &#8222;das Herz&#8220; aller Sinnesfunktionen &hellip; <\/p>\n<p class=\"link-more\"><a href=\"https:\/\/sinnenwohl.de\/?page_id=42\" class=\"more-link\"><span class=\"screen-reader-text\">\u201eHeilkr\u00e4uter-Essenz-Behandlung | Cosmotherapie\u201c<\/span> weiterlesen<\/a><\/p>\n","protected":false},"author":1,"featured_media":0,"parent":0,"menu_order":0,"comment_status":"closed","ping_status":"closed","template":"","meta":{"footnotes":""},"_links":{"self":[{"href":"https:\/\/sinnenwohl.de\/index.php?rest_route=\/wp\/v2\/pages\/42"}],"collection":[{"href":"https:\/\/sinnenwohl.de\/index.php?rest_route=\/wp\/v2\/pages"}],"about":[{"href":"https:\/\/sinnenwohl.de\/index.php?rest_route=\/wp\/v2\/types\/page"}],"author":[{"embeddable":true,"href":"https:\/\/sinnenwohl.de\/index.php?rest_route=\/wp\/v2\/users\/1"}],"replies":[{"embeddable":true,"href":"https:\/\/sinnenwohl.de\/index.php?rest_route=%2Fwp%2Fv2%2Fcomments&post=42"}],"version-history":[{"count":33,"href":"https:\/\/sinnenwohl.de\/index.php?rest_route=\/wp\/v2\/pages\/42\/revisions"}],"predecessor-version":[{"id":635,"href":"https:\/\/sinnenwohl.de\/index.php?rest_route=\/wp\/v2\/pages\/42\/revisions\/635"}],"wp:attachment":[{"href":"https:\/\/sinnenwohl.de\/index.php?rest_route=%2Fwp%2Fv2%2Fmedia&parent=42"}],"curies":[{"name":"wp","href":"https:\/\/api.w.org\/{rel}","templated":true}]}}