{"id":413,"date":"2017-07-25T08:29:41","date_gmt":"2017-07-25T08:29:41","guid":{"rendered":"http:\/\/sinnenwohl.de\/?page_id=413"},"modified":"2019-09-26T07:09:39","modified_gmt":"2019-09-26T07:09:39","slug":"literatur-zu-dr-dietrich-guembel","status":"publish","type":"page","link":"https:\/\/sinnenwohl.de\/?page_id=413","title":{"rendered":"Literatur zu Dr. Dietrich G\u00fcmbel"},"content":{"rendered":"<p>Literaturhinweise:<\/p>\n<ul>\n<li>NEUERSCHEINUNGEN DEUTSCH:<br \/>\n<strong>Schwingung &#8211; Essenz der Sch\u00f6pfung \/Musik des Lebens<\/strong><\/p>\n<p><img loading=\"lazy\" decoding=\"async\" class=\"alignleft size-medium wp-image-675\" src=\"https:\/\/sinnenwohl.de\/wp-content\/uploads\/2019\/09\/COVER-SCHWINGUNGcut-201x300.jpg\" alt=\"\" width=\"201\" height=\"300\" srcset=\"https:\/\/sinnenwohl.de\/wp-content\/uploads\/2019\/09\/COVER-SCHWINGUNGcut-201x300.jpg 201w, https:\/\/sinnenwohl.de\/wp-content\/uploads\/2019\/09\/COVER-SCHWINGUNGcut.jpg 671w\" sizes=\"(max-width: 201px) 100vw, 201px\" \/>Hier geht es um den Menschen, der im Zentrum der Sch\u00f6pfung steht und aus drei verschiedenen Aspekten betrachtet wird: einmal aus Sicht einer christlichen Geisteswissenschaft, sowie aus Sicht des K\u00fcnstlers mit Aphorismen, Signaturen und Bildern, als auch mit Musik, deren dreizehn T\u00f6ne in Resonanz zu inneren Organen und Sinnesorganen aufgezeigt werden.<\/p>\n<p>Bei diesen verschiedenen Darstellungsvarianten braucht es die Erdung des Ganzen aus Sicht des Naturwissenschaftlers, basierend auf Schwingungsfrequenzen, Physiologie, \u00d6kologie und dem Fokus auf den Vergleich von Pflanze und Mensch. Kunst erschafft aus dem Inneren das \u00c4ussere &#8211; Wissenschaft beschreibt das Erschaffene &#8211; erkennen sich geeint im Spiegel der Spiritualit\u00e4t.<\/p>\n<p>Die drei Aspekte durchdringen sich gegenseitig und ergeben ein Gesamtbild aus \u201eHimmel und Erde\u201c, was der Ganzheit des Menschen an Geist, Seele und Leib entspricht und hier die Kunst die seelische Br\u00fccke darstellt zur Verbindung beider sich erg\u00e4nzender Welten.\u00a0 (<a href=\"https:\/\/sinnenwohl.de\/kontakt\" target=\"_blank\" rel=\"noopener noreferrer\">Hier<\/a> erh\u00e4ltlich)<\/li>\n<li>NEW in ENGLISH<br \/>\n<strong>HEALING THROUGH THE SENSES \u2013 SENSING SPIRITUAL WORLD<\/strong><\/p>\n<p><em>Blurb <\/em><\/p>\n<p><img loading=\"lazy\" decoding=\"async\" class=\"alignleft size-medium wp-image-674\" src=\"https:\/\/sinnenwohl.de\/wp-content\/uploads\/2019\/09\/COVER-HEALING-cut-201x300.jpg\" alt=\"\" width=\"201\" height=\"300\" srcset=\"https:\/\/sinnenwohl.de\/wp-content\/uploads\/2019\/09\/COVER-HEALING-cut-201x300.jpg 201w, https:\/\/sinnenwohl.de\/wp-content\/uploads\/2019\/09\/COVER-HEALING-cut-768x1145.jpg 768w, https:\/\/sinnenwohl.de\/wp-content\/uploads\/2019\/09\/COVER-HEALING-cut-687x1024.jpg 687w, https:\/\/sinnenwohl.de\/wp-content\/uploads\/2019\/09\/COVER-HEALING-cut.jpg 1341w\" sizes=\"(max-width: 201px) 100vw, 201px\" \/>Based on scientific studies, the pioneering \u00a0biologist \u00a0experienced the effects of herbal essences, colors, tones and gemstones by simultaneous stimulations in treatments. The author identified not five but seven sensory organs linking the creating spiritual world with the created physical world (creation). Moreover he outlined how all the senses are energetically connected to corresponding \u00a0inner organs and\u00a0 when all stimulations at once applied in resonance to the clients zestfulness, it will effect well-being as a healing process. The authors investigations on the relation of colors and tones lead him to COSMO-MUSIC as a fruit of COSMO-THERAPY. This innovative music is based on the \u2018rainbow-scale\u2019 corresponding again to the seven senses and inner organs. \u00a0\u00a0Furthermore the Human dentition will be identified as a musical paradigm regarding the formation and sequence of \u00a0the teeth. Finally he outlined a \u2018Cosmocentric Worldview\u2019 centered in the Human heart and sumarizes his findings: Perceiving the extrasensory through the senses is the key to the New World. This publication is about: \u2018sensing the sense of life\u2019.<br \/>\nAvailable <a href=\"https:\/\/sinnenwohl.de\/kontakt\" target=\"_blank\" rel=\"noopener noreferrer\">here<\/a>.<\/li>\n<\/ul>\n<p><img loading=\"lazy\" decoding=\"async\" class=\"alignleft wp-image-428 size-medium\" src=\"http:\/\/sinnenwohl.de\/wp-content\/uploads\/2017\/07\/BuchcoverHeilen-d.d.Sinne_-221x300.jpg\" alt=\"\" width=\"221\" height=\"300\" srcset=\"https:\/\/sinnenwohl.de\/wp-content\/uploads\/2017\/07\/BuchcoverHeilen-d.d.Sinne_-221x300.jpg 221w, https:\/\/sinnenwohl.de\/wp-content\/uploads\/2017\/07\/BuchcoverHeilen-d.d.Sinne_.jpg 736w\" sizes=\"(max-width: 221px) 100vw, 221px\" \/>D. G\u00fcmbel, Heilen durch die Sinne \u2013Die Cosmo-Therapie, Karl F. HAUG-Verlag,<br \/>\nHeidelberg 1998, ISBN 3-7760-1661-2 (<a href=\"https:\/\/sinnenwohl.de\/kontakt\">hier<\/a> erh\u00e4ltlich)<\/p>\n<p><span style=\"color: #ffffff;\">Heilen durch die Sinne<\/span><\/p>\n<p><span style=\"color: #ffffff;\">Heilen durch die Sinne<\/span><\/p>\n<p><span style=\"color: #ffffff;\">Heilen durch die Sinne<\/span><\/p>\n<p><span style=\"color: #ffffff;\">Heilen durch die Sinne<\/span><\/p>\n<p><span style=\"color: #ffffff;\">Heilen durch die Sinne<\/span><\/p>\n<p><span style=\"color: #ffffff;\">Heilen durch die Sinne<\/span><\/p>\n<p><img loading=\"lazy\" decoding=\"async\" class=\"wp-image-426 size-medium alignleft\" src=\"http:\/\/sinnenwohl.de\/wp-content\/uploads\/2017\/07\/BuchcoverWie-neugeboren-207x300.jpg\" alt=\"\" width=\"207\" height=\"300\" srcset=\"https:\/\/sinnenwohl.de\/wp-content\/uploads\/2017\/07\/BuchcoverWie-neugeboren-207x300.jpg 207w, https:\/\/sinnenwohl.de\/wp-content\/uploads\/2017\/07\/BuchcoverWie-neugeboren.jpg 690w\" sizes=\"(max-width: 207px) 100vw, 207px\" \/><\/p>\n<p>D. G\u00fcmbel, Wie neugeboren mit Heilkr\u00e4uter-Essenzen und Farben,<br \/>\nHeidelberg\u00a01995, ISBN 3-7760-1504-7<\/p>\n<p><span style=\"color: #ffffff;\">Wie neugeboren mit Heilkr\u00e4uter-Essenzen und Farben<\/span><\/p>\n<p><span style=\"color: #ffffff;\">Wie neugeboren mit Heilkr\u00e4uter-Essenzen und Farben<\/span><\/p>\n<p><span style=\"color: #ffffff;\">Wie neugeboren mit Heilkr\u00e4uter-Essenzen und Farben<\/span><\/p>\n<p><span style=\"color: #ffffff;\">Wie neugeboren mit Heilkr\u00e4uter-Essenzen und Farben<\/span><\/p>\n<p><span style=\"color: #ffffff;\">Wie neugeboren mit Heilkr\u00e4uter-Essenzen und Farben<\/span><\/p>\n<p><span style=\"color: #ffffff;\">Wie neugeboren mit Heilkr\u00e4uter-Essenzen und Farben<\/span><\/p>\n<p><img loading=\"lazy\" decoding=\"async\" class=\"wp-image-425 size-medium alignleft\" src=\"http:\/\/sinnenwohl.de\/wp-content\/uploads\/2017\/07\/BuchcoverGanzheitl.Therapie-208x300.jpg\" alt=\"\" width=\"208\" height=\"300\" srcset=\"https:\/\/sinnenwohl.de\/wp-content\/uploads\/2017\/07\/BuchcoverGanzheitl.Therapie-208x300.jpg 208w, https:\/\/sinnenwohl.de\/wp-content\/uploads\/2017\/07\/BuchcoverGanzheitl.Therapie.jpg 694w\" sizes=\"(max-width: 208px) 100vw, 208px\" \/><\/p>\n<p>D. G\u00fcmbel, Ganzheitliche Therapie mit Heilkr\u00e4uter-Essenzen, Heidelberg 1996,<br \/>\nISBN 3-7760-1341-9 <a href=\"https:\/\/sinnenwohl.de\/kontakt\" target=\"_blank\" rel=\"noopener noreferrer\">(hier<\/a> erh\u00e4ltlich)<\/p>\n<p><span style=\"color: #ffffff;\">Ganzheitliche Therapie mit Heilkr\u00e4uter-Essenzen<\/span><\/p>\n<p><span style=\"color: #ffffff;\">Ganzheitliche Therapie mit Heilkr\u00e4uter-Essenzen<\/span><\/p>\n<p><span style=\"color: #ffffff;\">Ganzheitliche Therapie mit Heilkr\u00e4uter-Essenzen<\/span><\/p>\n<p><span style=\"color: #ffffff;\">Ganzheitliche Therapie mit Heilkr\u00e4uter-Essenzen<\/span><\/p>\n<p><span style=\"color: #ffffff;\">Ganzheitliche Therapie mit Heilkr\u00e4uter-Essenzen<\/span><\/p>\n<p><span style=\"color: #ffffff;\">Ganzheitliche Therapie mit Heilkr\u00e4uter-Essenzen<\/span><\/p>\n<p><img loading=\"lazy\" decoding=\"async\" class=\"size-medium wp-image-423 alignleft\" style=\"font-weight: bold; color: #666666; font-size: 0.8125rem; font-style: italic;\" src=\"http:\/\/sinnenwohl.de\/wp-content\/uploads\/2017\/07\/BuchcoverAromat.Pfl_-234x300.jpg\" alt=\"\" width=\"234\" height=\"300\" srcset=\"https:\/\/sinnenwohl.de\/wp-content\/uploads\/2017\/07\/BuchcoverAromat.Pfl_-234x300.jpg 234w, https:\/\/sinnenwohl.de\/wp-content\/uploads\/2017\/07\/BuchcoverAromat.Pfl_-768x986.jpg 768w, https:\/\/sinnenwohl.de\/wp-content\/uploads\/2017\/07\/BuchcoverAromat.Pfl_.jpg 779w\" sizes=\"(max-width: 234px) 100vw, 234px\" \/>D. G\u00fcmbel, Aromatische Pflanzenpflege \u2013 Duft statt Gift f\u00fcr Haus-und<br \/>\nZimmergarten, Gem\u00fcse, Obst-und Landbau, OLV-Verlag, Xanten 2001,<br \/>\nISBN 3-922201-40-7<\/p>\n<p><span style=\"color: #ffffff;\">Aromatische Pflanzenpflege<\/span><\/p>\n<p><span style=\"color: #ffffff;\">Aromatische Pflanzenpflege<\/span><\/p>\n<p><span style=\"color: #ffffff;\">Aromatische Pflanzenpflege<\/span><\/p>\n<p><span style=\"color: #ffffff;\">Aromatische Pflanzenpflege<\/span><\/p>\n<p><a href=\"https:\/\/sinnenwohl.de\/wp-content\/uploads\/2019\/09\/CD-Flyerdeutsch-englisch.pdf\">CD \u201cMUSIK-GEDICHTE \/ POEMS &amp; MUSIC\u201d. <\/a><\/p>\n","protected":false},"excerpt":{"rendered":"<p>Literaturhinweise: NEUERSCHEINUNGEN DEUTSCH: Schwingung &#8211; Essenz der Sch\u00f6pfung \/Musik des Lebens Hier geht es um den Menschen, der im Zentrum der Sch\u00f6pfung steht und aus drei verschiedenen Aspekten betrachtet wird: einmal aus Sicht einer christlichen Geisteswissenschaft, sowie aus Sicht des K\u00fcnstlers mit Aphorismen, Signaturen und Bildern, als auch mit Musik, deren dreizehn T\u00f6ne in Resonanz &hellip; <\/p>\n<p class=\"link-more\"><a href=\"https:\/\/sinnenwohl.de\/?page_id=413\" class=\"more-link\"><span class=\"screen-reader-text\">\u201eLiteratur zu Dr. Dietrich G\u00fcmbel\u201c<\/span> weiterlesen<\/a><\/p>\n","protected":false},"author":1,"featured_media":0,"parent":0,"menu_order":0,"comment_status":"closed","ping_status":"closed","template":"","meta":{"footnotes":""},"_links":{"self":[{"href":"https:\/\/sinnenwohl.de\/index.php?rest_route=\/wp\/v2\/pages\/413"}],"collection":[{"href":"https:\/\/sinnenwohl.de\/index.php?rest_route=\/wp\/v2\/pages"}],"about":[{"href":"https:\/\/sinnenwohl.de\/index.php?rest_route=\/wp\/v2\/types\/page"}],"author":[{"embeddable":true,"href":"https:\/\/sinnenwohl.de\/index.php?rest_route=\/wp\/v2\/users\/1"}],"replies":[{"embeddable":true,"href":"https:\/\/sinnenwohl.de\/index.php?rest_route=%2Fwp%2Fv2%2Fcomments&post=413"}],"version-history":[{"count":14,"href":"https:\/\/sinnenwohl.de\/index.php?rest_route=\/wp\/v2\/pages\/413\/revisions"}],"predecessor-version":[{"id":688,"href":"https:\/\/sinnenwohl.de\/index.php?rest_route=\/wp\/v2\/pages\/413\/revisions\/688"}],"wp:attachment":[{"href":"https:\/\/sinnenwohl.de\/index.php?rest_route=%2Fwp%2Fv2%2Fmedia&parent=413"}],"curies":[{"name":"wp","href":"https:\/\/api.w.org\/{rel}","templated":true}]}}