{"id":343,"date":"2017-07-24T14:54:14","date_gmt":"2017-07-24T14:54:14","guid":{"rendered":"http:\/\/sinnenwohl.de\/?page_id=343"},"modified":"2019-02-01T09:00:45","modified_gmt":"2019-02-01T09:00:45","slug":"orange","status":"publish","type":"page","link":"https:\/\/sinnenwohl.de\/?page_id=343","title":{"rendered":"Orange | Rose"},"content":{"rendered":"<p><img loading=\"lazy\" decoding=\"async\" class=\"size-full wp-image-258 alignleft\" src=\"http:\/\/sinnenwohl.de\/wp-content\/uploads\/2017\/07\/13-rosa.png\" alt=\"13 rosa\" width=\"127\" height=\"122\" \/><\/p>\n<p><strong>Farbe: 13 rosa<\/strong><\/p>\n<p>Eigenschaft: SCH\u00d6NHEIT<\/p>\n<p>Essenz: ROSE (Oleum rosae)<\/p>\n<p><em>Die Nr. 13 ist zwei mal vorhanden, sodass man zwischen<\/em><br \/>\n<em>ROSE und der ORANGE w\u00e4hlen kann.<\/em><\/p>\n<p><strong>Hautpflege:<\/strong> Der<a href=\"http:\/\/sinnenwohl.de\/balsarome\" target=\"_blank\" rel=\"noopener\"> BALSAM Dr. G\u00fcmbel<\/a>\u00a0ROSE verhilft zu einer\u00a0\u201erosigen\u201c weichen samtigen Haut und ist sehr aufbauend\u00a0und verheilungsf\u00f6rdernd. Er wirkt beruhigend<br \/>\nbei entz\u00fcndlichen und allergischen Reaktionen.<\/p>\n<p><strong><img loading=\"lazy\" decoding=\"async\" class=\"size-thumbnail wp-image-211 alignleft\" src=\"http:\/\/sinnenwohl.de\/wp-content\/uploads\/2017\/07\/13-Rose-150x150.jpg\" alt=\"\" width=\"150\" height=\"150\" srcset=\"https:\/\/sinnenwohl.de\/wp-content\/uploads\/2017\/07\/13-Rose-150x150.jpg 150w, https:\/\/sinnenwohl.de\/wp-content\/uploads\/2017\/07\/13-Rose-300x300.jpg 300w, https:\/\/sinnenwohl.de\/wp-content\/uploads\/2017\/07\/13-Rose-100x100.jpg 100w, https:\/\/sinnenwohl.de\/wp-content\/uploads\/2017\/07\/13-Rose.jpg 700w\" sizes=\"(max-width: 150px) 100vw, 150px\" \/>Haarpflege:<\/strong> Das ESSENZ-DESTILLATE Dr. G\u00fcmbel\u00a0ROSE gibt dem Haar\u00a0Weichheit und F\u00fclle mit einer feinen erotischen Note. BALSAM Dr. G\u00fcmbel\u00a0ROSE dient auch\u00a0zur Haarspitzenpflege.\u00a0<span style=\"font-size: 1rem;\">Die Rose ist das Symbol f\u00fcr Sch\u00f6nheit und Gesundheit in\u00a0<\/span><span style=\"font-size: 1rem;\">einem.<\/span><\/p>\n<p><img loading=\"lazy\" decoding=\"async\" class=\"size-full wp-image-258 alignleft\" src=\"http:\/\/sinnenwohl.de\/wp-content\/uploads\/2017\/07\/13-rosa.png\" alt=\"13 rosa\" width=\"127\" height=\"122\" \/><\/p>\n<p><strong>Farbe: 13 rosa<\/strong><\/p>\n<p>Eigenschaft: GANZHEIT<\/p>\n<p>Essenz: ORANGE (Oleum aurantii dulcis, foliculi<\/p>\n<p><strong>Hautpflege:<\/strong> Der BALSAM Dr. G\u00fcmbel\u00a0ORANGE und ESSENZ-DESTILLATE Dr. G\u00fcmbel-ORANGE-Spray pflegen und regenerieren die\u00a0Oberhaut, machen sie samtig und weich, helfen\u00a0Narben weich zu halten (Entst\u00f6rung); empfohlen bei\u00a0rauher und rissiger Haut (Verhornungsst\u00f6rungen), bei\u00a0Seborrhoe und Akne.<\/p>\n<p><strong>Haarpflege:<\/strong> ESSENZ-DESTILLATE Dr. G\u00fcmbel-ORANGE macht das Haar\u00a0weich und luftig und gibt ihm mehr F\u00fclle. BALSAM Dr. G\u00fcmbel\u00a0und HAUT-PFLEGE\u00d6LE Dr. G\u00fcmbel\u00a0ORANGE werden zur Haarspitzenpflege empfohlen.<\/p>\n<p><strong><img loading=\"lazy\" decoding=\"async\" class=\"size-thumbnail wp-image-210 alignleft\" src=\"http:\/\/sinnenwohl.de\/wp-content\/uploads\/2017\/07\/13-Orange-150x150.jpg\" alt=\"\" width=\"150\" height=\"150\" srcset=\"https:\/\/sinnenwohl.de\/wp-content\/uploads\/2017\/07\/13-Orange-150x150.jpg 150w, https:\/\/sinnenwohl.de\/wp-content\/uploads\/2017\/07\/13-Orange-300x298.jpg 300w, https:\/\/sinnenwohl.de\/wp-content\/uploads\/2017\/07\/13-Orange-100x100.jpg 100w, https:\/\/sinnenwohl.de\/wp-content\/uploads\/2017\/07\/13-Orange.jpg 700w\" sizes=\"(max-width: 150px) 100vw, 150px\" \/>K\u00f6rperpflege:<\/strong> HAUT-PFLEGE\u00d6LE Dr. G\u00fcmbel-ORANGE hilft bei nerv\u00f6sen Beschwerden, st\u00e4rkt und regeneriert die Nervenfunktion, l\u00f6st Verspannungen und \u00a0verkrampfungen, hilft beim\u00a0Ein-und Durchschlafen (f\u00fcr Kinder gut geeignet). Regt die k\u00f6rpereigene \u00d6strogenbildung\u00a0an. Orange \u00f6ffnet die Seele und f\u00f6rdert ein ganzheitliches\u00a0Selbstbewusstsein.<\/p>\n","protected":false},"excerpt":{"rendered":"<p>Farbe: 13 rosa Eigenschaft: SCH\u00d6NHEIT Essenz: ROSE (Oleum rosae) Die Nr. 13 ist zwei mal vorhanden, sodass man zwischen ROSE und der ORANGE w\u00e4hlen kann. Hautpflege: Der BALSAM Dr. G\u00fcmbel\u00a0ROSE verhilft zu einer\u00a0\u201erosigen\u201c weichen samtigen Haut und ist sehr aufbauend\u00a0und verheilungsf\u00f6rdernd. Er wirkt beruhigend bei entz\u00fcndlichen und allergischen Reaktionen. Haarpflege: Das ESSENZ-DESTILLATE Dr. G\u00fcmbel\u00a0ROSE gibt &hellip; <\/p>\n<p class=\"link-more\"><a href=\"https:\/\/sinnenwohl.de\/?page_id=343\" class=\"more-link\"><span class=\"screen-reader-text\">\u201eOrange | Rose\u201c<\/span> weiterlesen<\/a><\/p>\n","protected":false},"author":1,"featured_media":0,"parent":0,"menu_order":0,"comment_status":"closed","ping_status":"closed","template":"","meta":{"footnotes":""},"_links":{"self":[{"href":"https:\/\/sinnenwohl.de\/index.php?rest_route=\/wp\/v2\/pages\/343"}],"collection":[{"href":"https:\/\/sinnenwohl.de\/index.php?rest_route=\/wp\/v2\/pages"}],"about":[{"href":"https:\/\/sinnenwohl.de\/index.php?rest_route=\/wp\/v2\/types\/page"}],"author":[{"embeddable":true,"href":"https:\/\/sinnenwohl.de\/index.php?rest_route=\/wp\/v2\/users\/1"}],"replies":[{"embeddable":true,"href":"https:\/\/sinnenwohl.de\/index.php?rest_route=%2Fwp%2Fv2%2Fcomments&post=343"}],"version-history":[{"count":6,"href":"https:\/\/sinnenwohl.de\/index.php?rest_route=\/wp\/v2\/pages\/343\/revisions"}],"predecessor-version":[{"id":580,"href":"https:\/\/sinnenwohl.de\/index.php?rest_route=\/wp\/v2\/pages\/343\/revisions\/580"}],"wp:attachment":[{"href":"https:\/\/sinnenwohl.de\/index.php?rest_route=%2Fwp%2Fv2%2Fmedia&parent=343"}],"curies":[{"name":"wp","href":"https:\/\/api.w.org\/{rel}","templated":true}]}}