{"id":180,"date":"2017-07-17T12:52:27","date_gmt":"2017-07-17T12:52:27","guid":{"rendered":"http:\/\/sinnenwohl.de\/?page_id=180"},"modified":"2019-09-18T12:47:25","modified_gmt":"2019-09-18T12:47:25","slug":"heilkraeuter-essenzen","status":"publish","type":"page","link":"https:\/\/sinnenwohl.de\/?page_id=180","title":{"rendered":"Heilkr\u00e4uter-Essenz-Pr\u00e4parate"},"content":{"rendered":"<h1>Die HEILKR\u00c4UTER-ESSENZEN sind pflanzlich-\u00e4therische\u00a0\u00d6le.<\/h1>\n<p>Je nach Sorte stammen sie aus Wildwuchs oder oder aus kontrolliert biologischem Anbau (kbA) und wurden mit ausgesuchten Edelsteinen energetisiert.<\/p>\n<p>Sie dienen der Behandlung und Selbstbehandlung zur Inhalation durch die Nase im aromatherapeutischen Sinne und d\u00fcrfen nicht pur auf die Haut gegeben werden.<\/p>\n<p>Die Essenzen sind die wesentlichen Wirkstoffe unserer Pr\u00e4parate-Linien :<\/p>\n<ul>\n<li>der cremigen BALSAME Dr. G\u00fcmbel\u00a0 \u00a0und<\/li>\n<li>der fl\u00fcssigeren HAUT-PFLEGE\u00d6LE Dr. G\u00fcmbel\u00a0zur Haut- und K\u00f6rperpflege.<\/li>\n<\/ul>\n<p>Alle Pr\u00e4parate wirken sich auf den gesamten Organismus aus. Somit dienen sie zugleich der innerlichen und \u00e4u\u00dferlichen Anwendung.<\/p>\n<p>Jeder Farbpunkt auf dem Dekoder entspricht einer bestimmten Heilkr\u00e4uter-Essenz, mit denen die oben genannten Pr\u00e4parate-Linien im einzelnen angemischt sind und unter der gleichen Nummer aufgefunden werden k\u00f6nnen (14 BALSAME Dr. G\u00fcmbel, 13 HAUT-PFLEGE\u00d6LE Dr. G\u00fcmbel).<\/p>\n<p><a href=\"https:\/\/sinnenwohl.de\/literatur-zu-dr-dietrich-guembel\">Literatur<\/a> zu den Heilkr\u00e4uter-Essenzen<\/p>\n","protected":false},"excerpt":{"rendered":"<p>Die HEILKR\u00c4UTER-ESSENZEN sind pflanzlich-\u00e4therische\u00a0\u00d6le. Je nach Sorte stammen sie aus Wildwuchs oder oder aus kontrolliert biologischem Anbau (kbA) und wurden mit ausgesuchten Edelsteinen energetisiert. Sie dienen der Behandlung und Selbstbehandlung zur Inhalation durch die Nase im aromatherapeutischen Sinne und d\u00fcrfen nicht pur auf die Haut gegeben werden. Die Essenzen sind die wesentlichen Wirkstoffe unserer Pr\u00e4parate-Linien &hellip; <\/p>\n<p class=\"link-more\"><a href=\"https:\/\/sinnenwohl.de\/?page_id=180\" class=\"more-link\"><span class=\"screen-reader-text\">\u201eHeilkr\u00e4uter-Essenz-Pr\u00e4parate\u201c<\/span> weiterlesen<\/a><\/p>\n","protected":false},"author":1,"featured_media":0,"parent":0,"menu_order":0,"comment_status":"closed","ping_status":"closed","template":"","meta":{"footnotes":""},"_links":{"self":[{"href":"https:\/\/sinnenwohl.de\/index.php?rest_route=\/wp\/v2\/pages\/180"}],"collection":[{"href":"https:\/\/sinnenwohl.de\/index.php?rest_route=\/wp\/v2\/pages"}],"about":[{"href":"https:\/\/sinnenwohl.de\/index.php?rest_route=\/wp\/v2\/types\/page"}],"author":[{"embeddable":true,"href":"https:\/\/sinnenwohl.de\/index.php?rest_route=\/wp\/v2\/users\/1"}],"replies":[{"embeddable":true,"href":"https:\/\/sinnenwohl.de\/index.php?rest_route=%2Fwp%2Fv2%2Fcomments&post=180"}],"version-history":[{"count":18,"href":"https:\/\/sinnenwohl.de\/index.php?rest_route=\/wp\/v2\/pages\/180\/revisions"}],"predecessor-version":[{"id":661,"href":"https:\/\/sinnenwohl.de\/index.php?rest_route=\/wp\/v2\/pages\/180\/revisions\/661"}],"wp:attachment":[{"href":"https:\/\/sinnenwohl.de\/index.php?rest_route=%2Fwp%2Fv2%2Fmedia&parent=180"}],"curies":[{"name":"wp","href":"https:\/\/api.w.org\/{rel}","templated":true}]}}