{"id":105,"date":"2017-07-03T14:49:56","date_gmt":"2017-07-03T14:49:56","guid":{"rendered":"http:\/\/sinnenwohl.de\/?page_id=105"},"modified":"2019-05-13T12:31:12","modified_gmt":"2019-05-13T12:31:12","slug":"balsame-dr-guembel","status":"publish","type":"page","link":"https:\/\/sinnenwohl.de\/?page_id=105","title":{"rendered":"BALSAME Dr. G\u00fcmbel"},"content":{"rendered":"<h1>Die BALSAME Dr. G\u00fcmbel sind reine Naturprodukte,<\/h1>\n<p>ohne jegliche chemische\u00a0Bestandteile oder Konservierungsstoffe und bestehen aus Sheabutter, Bienenwachs und Jojoba\u00f6l, die mit den oben beschriebenen Essenzen versetzt und mit ausgesuchten Edelsteinen energetisiert sind.<\/p>\n<p>Die\u00a0BALSAME Dr. G\u00fcmbel\u00a0dienen aufgrund ihrer cremigen Konsistenz sowohl der <img loading=\"lazy\" decoding=\"async\" class=\"size-full wp-image-308 alignleft\" src=\"http:\/\/sinnenwohl.de\/wp-content\/uploads\/2017\/07\/BALSAM-ZITRONE.png\" alt=\"\" width=\"200\" height=\"220\" \/>K\u00f6rperpflege als auch der Gesichtspflege bzw. als Chakra-Salbe auch zur St\u00e4rkung der Organfunktionen in den verschiedensten K\u00f6rperbereichen (siehe Beschreibung).<\/p>\n<p>Sie werden mit leichten kreisenden Bewegungen\u00a0auf der zuvor abgereinigten Haut verrieben. Die\u00a0BALSAME Dr. G\u00fcmbel stimulieren und st\u00e4rken die Haut- und Haar-Funktionen und k\u00f6nnen vom Anwender \u00fcber die bevorzugte Farbmarkierung oder \u00fcber den bevorzugten Duft ausgew\u00e4hlt werden.<\/p>\n<p>Diese Pr\u00e4parate d\u00fcrfen auch mit den <a href=\"https:\/\/sinnenwohl.de\/hautpflege-oele-dr-guembel\">HAUT-PFLEGE\u00d6L Dr. G\u00fcmbel<\/a> in der Hand oder in einem M\u00f6rser vermischt und auf die Haut aufgetragen werden.<\/p>\n<p>Die\u00a0HAUT-PFLEGE\u00d6LE Dr. G\u00fcmbel\u00a0\u00a0und die\u00a0BALSAME Dr. G\u00fcmbel eignen sich auch zur Hals-, Dekollete\u00b4-, Ohren-, Hand- und Fuss-Massage, sowie zur Pflege der Haare (Haarspitzen).<\/p>\n<p><span style=\"color: #ff9900;\">Aufgrund eines markenrechtlichen Konfliktes haben wir die Produktbezeichnung ge\u00e4ndert. Inhaltlich handelt es sich bei den Balsamen um die seit 1990 von uns hergestellten Balsame.<\/span><\/p>\n<p>Folgende\u00a0BALSAME Dr. G\u00fcmbel\u00a0sind <a href=\"https:\/\/sinnenwohl.de\/kontakt\" target=\"_blank\" rel=\"noopener noreferrer\">hier<\/a> erh\u00e4ltlich:<\/p>\n<figure id=\"attachment_278\" aria-describedby=\"caption-attachment-278\" style=\"width: 457px\" class=\"wp-caption alignnone\"><a href=\"http:\/\/www.24sb.de\/epages\/sibratradinginternational.sf\/de_DE\/?ObjectPath=\/Shops\/sibratradinginternational\/Products\/B15\/SubProducts\/B15-1\" target=\"_blank\" rel=\"noopener noreferrer\"><img loading=\"lazy\" decoding=\"async\" class=\"wp-image-278 size-full\" src=\"http:\/\/sinnenwohl.de\/wp-content\/uploads\/2017\/07\/1-Balsam-Sandelholz.png\" alt=\"\" width=\"457\" height=\"93\" srcset=\"https:\/\/sinnenwohl.de\/wp-content\/uploads\/2017\/07\/1-Balsam-Sandelholz.png 457w, https:\/\/sinnenwohl.de\/wp-content\/uploads\/2017\/07\/1-Balsam-Sandelholz-300x61.png 300w\" sizes=\"(max-width: 457px) 100vw, 457px\" \/><\/a><figcaption id=\"caption-attachment-278\" class=\"wp-caption-text\">1. Sandelholz<\/figcaption><\/figure>\n<figure id=\"attachment_281\" aria-describedby=\"caption-attachment-281\" style=\"width: 457px\" class=\"wp-caption alignnone\"><a href=\"http:\/\/www.24sb.de\/epages\/sibratradinginternational.sf\/de_DE\/?ObjectPath=\/Shops\/sibratradinginternational\/Products\/B15\/SubProducts\/B15-2\" target=\"_blank\" rel=\"noopener noreferrer\"><img loading=\"lazy\" decoding=\"async\" class=\"wp-image-281 size-full\" src=\"http:\/\/sinnenwohl.de\/wp-content\/uploads\/2017\/07\/2-Balsam-Vetiver.png\" alt=\"\" width=\"457\" height=\"93\" srcset=\"https:\/\/sinnenwohl.de\/wp-content\/uploads\/2017\/07\/2-Balsam-Vetiver.png 457w, https:\/\/sinnenwohl.de\/wp-content\/uploads\/2017\/07\/2-Balsam-Vetiver-300x61.png 300w\" sizes=\"(max-width: 457px) 100vw, 457px\" \/><\/a><figcaption id=\"caption-attachment-281\" class=\"wp-caption-text\">2. Vetiver<\/figcaption><\/figure>\n<figure id=\"attachment_282\" aria-describedby=\"caption-attachment-282\" style=\"width: 457px\" class=\"wp-caption alignnone\"><a href=\"http:\/\/www.24sb.de\/epages\/sibratradinginternational.sf\/de_DE\/?ObjectPath=\/Shops\/sibratradinginternational\/Products\/B15\/SubProducts\/B15-3\" target=\"_blank\" rel=\"noopener noreferrer\"><img loading=\"lazy\" decoding=\"async\" class=\"wp-image-282 size-full\" src=\"http:\/\/sinnenwohl.de\/wp-content\/uploads\/2017\/07\/3-Balsam-Thymian.png\" alt=\"\" width=\"457\" height=\"93\" srcset=\"https:\/\/sinnenwohl.de\/wp-content\/uploads\/2017\/07\/3-Balsam-Thymian.png 457w, https:\/\/sinnenwohl.de\/wp-content\/uploads\/2017\/07\/3-Balsam-Thymian-300x61.png 300w\" sizes=\"(max-width: 457px) 100vw, 457px\" \/><\/a><figcaption id=\"caption-attachment-282\" class=\"wp-caption-text\">3. Thymian<\/figcaption><\/figure>\n<figure id=\"attachment_283\" aria-describedby=\"caption-attachment-283\" style=\"width: 457px\" class=\"wp-caption alignnone\"><a style=\"font-size: 1rem;\" href=\"http:\/\/www.24sb.de\/epages\/sibratradinginternational.sf\/de_DE\/?ObjectPath=\/Shops\/sibratradinginternational\/Products\/B15\/SubProducts\/B15-4\" target=\"_blank\" rel=\"noopener noreferrer\"><img loading=\"lazy\" decoding=\"async\" class=\"wp-image-283 size-full\" src=\"http:\/\/sinnenwohl.de\/wp-content\/uploads\/2017\/07\/4-Balsam-Salbei.png\" alt=\"\" width=\"457\" height=\"93\" srcset=\"https:\/\/sinnenwohl.de\/wp-content\/uploads\/2017\/07\/4-Balsam-Salbei.png 457w, https:\/\/sinnenwohl.de\/wp-content\/uploads\/2017\/07\/4-Balsam-Salbei-300x61.png 300w\" sizes=\"(max-width: 457px) 100vw, 457px\" \/><\/a><figcaption id=\"caption-attachment-283\" class=\"wp-caption-text\">4. Salbei<\/figcaption><\/figure>\n<figure id=\"attachment_280\" aria-describedby=\"caption-attachment-280\" style=\"width: 457px\" class=\"wp-caption alignnone\"><a href=\"http:\/\/www.24sb.de\/epages\/sibratradinginternational.sf\/de_DE\/?ObjectPath=\/Shops\/sibratradinginternational\/Products\/B15\/SubProducts\/B15-5\" target=\"_blank\" rel=\"noopener noreferrer\"><img loading=\"lazy\" decoding=\"async\" class=\"wp-image-280 size-full\" src=\"http:\/\/sinnenwohl.de\/wp-content\/uploads\/2017\/07\/2-Balsam-Rosmarin.png\" alt=\"\" width=\"457\" height=\"93\" srcset=\"https:\/\/sinnenwohl.de\/wp-content\/uploads\/2017\/07\/2-Balsam-Rosmarin.png 457w, https:\/\/sinnenwohl.de\/wp-content\/uploads\/2017\/07\/2-Balsam-Rosmarin-300x61.png 300w\" sizes=\"(max-width: 457px) 100vw, 457px\" \/><\/a><figcaption id=\"caption-attachment-280\" class=\"wp-caption-text\">5. Rosmarin<\/figcaption><\/figure>\n<figure id=\"attachment_284\" aria-describedby=\"caption-attachment-284\" style=\"width: 457px\" class=\"wp-caption alignnone\"><a href=\"http:\/\/www.24sb.de\/epages\/sibratradinginternational.sf\/de_DE\/?ObjectPath=\/Shops\/sibratradinginternational\/Products\/B15\/SubProducts\/B15-6\" target=\"_blank\" rel=\"noopener noreferrer\"><img loading=\"lazy\" decoding=\"async\" class=\"wp-image-284 size-full\" src=\"http:\/\/sinnenwohl.de\/wp-content\/uploads\/2017\/07\/6-Balsam-Lavendel.png\" alt=\"\" width=\"457\" height=\"93\" srcset=\"https:\/\/sinnenwohl.de\/wp-content\/uploads\/2017\/07\/6-Balsam-Lavendel.png 457w, https:\/\/sinnenwohl.de\/wp-content\/uploads\/2017\/07\/6-Balsam-Lavendel-300x61.png 300w\" sizes=\"(max-width: 457px) 100vw, 457px\" \/><\/a><figcaption id=\"caption-attachment-284\" class=\"wp-caption-text\">6. Lavendel<\/figcaption><\/figure>\n<figure id=\"attachment_285\" aria-describedby=\"caption-attachment-285\" style=\"width: 457px\" class=\"wp-caption alignnone\"><a href=\"http:\/\/www.24sb.de\/epages\/sibratradinginternational.sf\/de_DE\/?ObjectPath=\/Shops\/sibratradinginternational\/Products\/B15\/SubProducts\/B15-7\" target=\"_blank\" rel=\"noopener noreferrer\"><img loading=\"lazy\" decoding=\"async\" class=\"wp-image-285 size-full\" src=\"http:\/\/sinnenwohl.de\/wp-content\/uploads\/2017\/07\/7-Balsam-Narde.png\" alt=\"\" width=\"457\" height=\"93\" srcset=\"https:\/\/sinnenwohl.de\/wp-content\/uploads\/2017\/07\/7-Balsam-Narde.png 457w, https:\/\/sinnenwohl.de\/wp-content\/uploads\/2017\/07\/7-Balsam-Narde-300x61.png 300w\" sizes=\"(max-width: 457px) 100vw, 457px\" \/><\/a><figcaption id=\"caption-attachment-285\" class=\"wp-caption-text\">7. Indische Narde<\/figcaption><\/figure>\n<figure id=\"attachment_286\" aria-describedby=\"caption-attachment-286\" style=\"width: 457px\" class=\"wp-caption alignnone\"><a href=\"http:\/\/www.24sb.de\/epages\/sibratradinginternational.sf\/de_DE\/?ObjectPath=\/Shops\/sibratradinginternational\/Products\/B15\/SubProducts\/B15-8\" target=\"_blank\" rel=\"noopener noreferrer\"><img loading=\"lazy\" decoding=\"async\" class=\"wp-image-286 size-full\" src=\"http:\/\/sinnenwohl.de\/wp-content\/uploads\/2017\/07\/8-Balsam-Lemongras.png\" alt=\"\" width=\"457\" height=\"93\" srcset=\"https:\/\/sinnenwohl.de\/wp-content\/uploads\/2017\/07\/8-Balsam-Lemongras.png 457w, https:\/\/sinnenwohl.de\/wp-content\/uploads\/2017\/07\/8-Balsam-Lemongras-300x61.png 300w\" sizes=\"(max-width: 457px) 100vw, 457px\" \/><\/a><figcaption id=\"caption-attachment-286\" class=\"wp-caption-text\">8. Lemongras<\/figcaption><\/figure>\n<figure id=\"attachment_287\" aria-describedby=\"caption-attachment-287\" style=\"width: 457px\" class=\"wp-caption alignnone\"><a href=\"http:\/\/www.24sb.de\/epages\/sibratradinginternational.sf\/de_DE\/?ObjectPath=\/Shops\/sibratradinginternational\/Products\/B15\/SubProducts\/B15-9\" target=\"_blank\" rel=\"noopener noreferrer\"><img loading=\"lazy\" decoding=\"async\" class=\"wp-image-287 size-full\" src=\"http:\/\/sinnenwohl.de\/wp-content\/uploads\/2017\/07\/9-Balsam-Pfefferminze.png\" alt=\"\" width=\"457\" height=\"93\" srcset=\"https:\/\/sinnenwohl.de\/wp-content\/uploads\/2017\/07\/9-Balsam-Pfefferminze.png 457w, https:\/\/sinnenwohl.de\/wp-content\/uploads\/2017\/07\/9-Balsam-Pfefferminze-300x61.png 300w\" sizes=\"(max-width: 457px) 100vw, 457px\" \/><\/a><figcaption id=\"caption-attachment-287\" class=\"wp-caption-text\">9. Pfefferminze<\/figcaption><\/figure>\n<figure id=\"attachment_288\" aria-describedby=\"caption-attachment-288\" style=\"width: 457px\" class=\"wp-caption alignnone\"><a href=\"http:\/\/www.24sb.de\/epages\/sibratradinginternational.sf\/de_DE\/?ObjectPath=\/Shops\/sibratradinginternational\/Products\/B15\/SubProducts\/B15-10\" target=\"_blank\" rel=\"noopener noreferrer\"><img loading=\"lazy\" decoding=\"async\" class=\"wp-image-288 size-full\" src=\"http:\/\/sinnenwohl.de\/wp-content\/uploads\/2017\/07\/10-Balsam-Kiefer.png\" alt=\"\" width=\"457\" height=\"93\" srcset=\"https:\/\/sinnenwohl.de\/wp-content\/uploads\/2017\/07\/10-Balsam-Kiefer.png 457w, https:\/\/sinnenwohl.de\/wp-content\/uploads\/2017\/07\/10-Balsam-Kiefer-300x61.png 300w\" sizes=\"(max-width: 457px) 100vw, 457px\" \/><\/a><figcaption id=\"caption-attachment-288\" class=\"wp-caption-text\">10. Kiefernadel<\/figcaption><\/figure>\n<figure id=\"attachment_289\" aria-describedby=\"caption-attachment-289\" style=\"width: 457px\" class=\"wp-caption alignnone\"><a href=\"http:\/\/www.24sb.de\/epages\/sibratradinginternational.sf\/de_DE\/?ObjectPath=\/Shops\/sibratradinginternational\/Products\/B15\/SubProducts\/B15-11\" target=\"_blank\" rel=\"noopener noreferrer\"><img loading=\"lazy\" decoding=\"async\" class=\"wp-image-289 size-full\" src=\"http:\/\/sinnenwohl.de\/wp-content\/uploads\/2017\/07\/11-Balsam-Eukalyptus.png\" alt=\"\" width=\"457\" height=\"93\" srcset=\"https:\/\/sinnenwohl.de\/wp-content\/uploads\/2017\/07\/11-Balsam-Eukalyptus.png 457w, https:\/\/sinnenwohl.de\/wp-content\/uploads\/2017\/07\/11-Balsam-Eukalyptus-300x61.png 300w\" sizes=\"(max-width: 457px) 100vw, 457px\" \/><\/a><figcaption id=\"caption-attachment-289\" class=\"wp-caption-text\">11. Eukalyptus<\/figcaption><\/figure>\n<figure id=\"attachment_290\" aria-describedby=\"caption-attachment-290\" style=\"width: 457px\" class=\"wp-caption alignnone\"><a href=\"http:\/\/www.24sb.de\/epages\/sibratradinginternational.sf\/de_DE\/?ObjectPath=\/Shops\/sibratradinginternational\/Products\/B15\/SubProducts\/B15-12\" target=\"_blank\" rel=\"noopener noreferrer\"><img loading=\"lazy\" decoding=\"async\" class=\"wp-image-290 size-full\" src=\"http:\/\/sinnenwohl.de\/wp-content\/uploads\/2017\/07\/12-Balsam-Zitrone.png\" alt=\"\" width=\"457\" height=\"93\" srcset=\"https:\/\/sinnenwohl.de\/wp-content\/uploads\/2017\/07\/12-Balsam-Zitrone.png 457w, https:\/\/sinnenwohl.de\/wp-content\/uploads\/2017\/07\/12-Balsam-Zitrone-300x61.png 300w\" sizes=\"(max-width: 457px) 100vw, 457px\" \/><\/a><figcaption id=\"caption-attachment-290\" class=\"wp-caption-text\">12. Zitrone<\/figcaption><\/figure>\n<p><a href=\"http:\/\/www.24sb.de\/epages\/sibratradinginternational.sf\/de_DE\/?ObjectPath=\/Shops\/sibratradinginternational\/Products\/B15\/SubProducts\/B15-13\" target=\"_blank\" rel=\"noopener noreferrer\"><img loading=\"lazy\" decoding=\"async\" class=\"alignnone size-full wp-image-291\" src=\"http:\/\/sinnenwohl.de\/wp-content\/uploads\/2017\/07\/13-Balsam-Orange.png\" alt=\"\" width=\"457\" height=\"93\" srcset=\"https:\/\/sinnenwohl.de\/wp-content\/uploads\/2017\/07\/13-Balsam-Orange.png 457w, https:\/\/sinnenwohl.de\/wp-content\/uploads\/2017\/07\/13-Balsam-Orange-300x61.png 300w\" sizes=\"(max-width: 457px) 100vw, 457px\" \/><\/a><\/p>\n<figure id=\"attachment_292\" aria-describedby=\"caption-attachment-292\" style=\"width: 457px\" class=\"wp-caption alignnone\"><a href=\"http:\/\/www.24sb.de\/epages\/sibratradinginternational.sf\/de_DE\/?ObjectPath=\/Shops\/sibratradinginternational\/Products\/B15\/SubProducts\/B15-13\/2\" target=\"_blank\" rel=\"noopener noreferrer\"><img loading=\"lazy\" decoding=\"async\" class=\"wp-image-292 size-full\" src=\"http:\/\/sinnenwohl.de\/wp-content\/uploads\/2017\/07\/13-Balsam-Rose.png\" alt=\"\" width=\"457\" height=\"93\" srcset=\"https:\/\/sinnenwohl.de\/wp-content\/uploads\/2017\/07\/13-Balsam-Rose.png 457w, https:\/\/sinnenwohl.de\/wp-content\/uploads\/2017\/07\/13-Balsam-Rose-300x61.png 300w\" sizes=\"(max-width: 457px) 100vw, 457px\" \/><\/a><figcaption id=\"caption-attachment-292\" class=\"wp-caption-text\">13. Orange \/ Rose<\/figcaption><\/figure>\n","protected":false},"excerpt":{"rendered":"<p>Die BALSAME Dr. G\u00fcmbel sind reine Naturprodukte, ohne jegliche chemische\u00a0Bestandteile oder Konservierungsstoffe und bestehen aus Sheabutter, Bienenwachs und Jojoba\u00f6l, die mit den oben beschriebenen Essenzen versetzt und mit ausgesuchten Edelsteinen energetisiert sind. Die\u00a0BALSAME Dr. G\u00fcmbel\u00a0dienen aufgrund ihrer cremigen Konsistenz sowohl der K\u00f6rperpflege als auch der Gesichtspflege bzw. als Chakra-Salbe auch zur St\u00e4rkung der Organfunktionen in &hellip; <\/p>\n<p class=\"link-more\"><a href=\"https:\/\/sinnenwohl.de\/?page_id=105\" class=\"more-link\"><span class=\"screen-reader-text\">\u201eBALSAME Dr. G\u00fcmbel\u201c<\/span> weiterlesen<\/a><\/p>\n","protected":false},"author":1,"featured_media":0,"parent":0,"menu_order":0,"comment_status":"closed","ping_status":"closed","template":"","meta":{"footnotes":""},"_links":{"self":[{"href":"https:\/\/sinnenwohl.de\/index.php?rest_route=\/wp\/v2\/pages\/105"}],"collection":[{"href":"https:\/\/sinnenwohl.de\/index.php?rest_route=\/wp\/v2\/pages"}],"about":[{"href":"https:\/\/sinnenwohl.de\/index.php?rest_route=\/wp\/v2\/types\/page"}],"author":[{"embeddable":true,"href":"https:\/\/sinnenwohl.de\/index.php?rest_route=\/wp\/v2\/users\/1"}],"replies":[{"embeddable":true,"href":"https:\/\/sinnenwohl.de\/index.php?rest_route=%2Fwp%2Fv2%2Fcomments&post=105"}],"version-history":[{"count":21,"href":"https:\/\/sinnenwohl.de\/index.php?rest_route=\/wp\/v2\/pages\/105\/revisions"}],"predecessor-version":[{"id":638,"href":"https:\/\/sinnenwohl.de\/index.php?rest_route=\/wp\/v2\/pages\/105\/revisions\/638"}],"wp:attachment":[{"href":"https:\/\/sinnenwohl.de\/index.php?rest_route=%2Fwp%2Fv2%2Fmedia&parent=105"}],"curies":[{"name":"wp","href":"https:\/\/api.w.org\/{rel}","templated":true}]}}