{"id":103,"date":"2017-07-03T14:49:38","date_gmt":"2017-07-03T14:49:38","guid":{"rendered":"http:\/\/sinnenwohl.de\/?page_id=103"},"modified":"2019-05-13T12:36:25","modified_gmt":"2019-05-13T12:36:25","slug":"hautpflege-oele-dr-guembel","status":"publish","type":"page","link":"https:\/\/sinnenwohl.de\/?page_id=103","title":{"rendered":"HAUT-PFLEGE\u00d6LE Dr. G\u00fcmbel"},"content":{"rendered":"<h1><img loading=\"lazy\" decoding=\"async\" class=\"wp-image-599 size-medium alignright\" src=\"https:\/\/sinnenwohl.de\/wp-content\/uploads\/2019\/02\/1-HAUT-PFLEGE\u00d6L-Dr.-G\u00fcmbel-Sandelholz-255x300.png\" alt=\"\" width=\"255\" height=\"300\" srcset=\"https:\/\/sinnenwohl.de\/wp-content\/uploads\/2019\/02\/1-HAUT-PFLEGE\u00d6L-Dr.-G\u00fcmbel-Sandelholz-255x300.png 255w, https:\/\/sinnenwohl.de\/wp-content\/uploads\/2019\/02\/1-HAUT-PFLEGE\u00d6L-Dr.-G\u00fcmbel-Sandelholz.png 289w\" sizes=\"(max-width: 255px) 100vw, 255px\" \/>Die HAUT-PFLEGE\u00d6LE Dr. G\u00fcmbel sind Lotionen,<\/h1>\n<p>basierend ausschliesslich auf hochwertigem\u00a0biologischem Jojoba\u00f6l welches ein fl\u00fcssiges pflanzliches Wachs aus der Jojoba-Nuss ist und mit Edelsteinen energetisierten Essenzen angereichert ist.<\/p>\n<p>Sie dienen \u00fcberwiegend der K\u00f6rper-Pflege,k\u00f6nnen aber genauso gut auch f\u00fcr die Gesichtspflege eingesetzt werden.<\/p>\n<p>Sie werden mit leichten\u00a0kreisenden Bewegungen auf der zuvor abgereinigten Haut verrieben. Die Heilschwingung der Essenzen \u00fcbertragen sich st\u00e4rkend und belebend \u00fcber die Haut auf die inneren Organe (siehe Beschreibung).<\/p>\n<p>Das richtige Pr\u00e4parat findet man \u00fcber die spontane Auswahl der Farbe. Dieses\u00a0Produkt verk\u00f6rpert &#8211; wie auch die <a href=\"https:\/\/sinnenwohl.de\/balsame-dr-guembel\">BALSAME Dr. G\u00fcmbel<\/a> &#8211; die Verbindung von Sch\u00f6nheitspflege und Gesundheitsvorsorge.<\/p>\n<p>Die HAUT-PFLEGE\u00d6LE Dr. G\u00fcmbel k\u00f6nnen zusammen mit den <a href=\"https:\/\/sinnenwohl.de\/balsame-dr-guembel\">BALSAME Dr. G\u00fcmbel<\/a> auch zur Hals-, Dekollete\u00b4, Ohren, Hand- und Fuss-Massage eingesetzt werden und nat\u00fcrlich zur Massage und Einreibungen aller K\u00f6rperpartien. Auch zur Pflege der Haarspitzen sehr zu empfehlen.<\/p>\n<p><span style=\"color: #ff9900;\">Aufgrund eines markenrechtlichen Konfliktes haben wir die Produktbezeichnung ge\u00e4ndert. Inhaltlich handelt es sich bei den Haut-Pflege\u00f6len um die seit 1990 von uns hergestellten Produkte.<\/span><\/p>\n<p>Folgende\u00a0HAUT-PFLEGE\u00d6LE Dr. G\u00fcmbel sind <a href=\"https:\/\/sinnenwohl.de\/kontakt\" target=\"_blank\" rel=\"noopener noreferrer\">hier<\/a> erh\u00e4ltlich:<\/p>\n<p><img loading=\"lazy\" decoding=\"async\" class=\"alignleft size-medium wp-image-599\" src=\"https:\/\/sinnenwohl.de\/wp-content\/uploads\/2019\/02\/1-HAUT-PFLEGE\u00d6L-Dr.-G\u00fcmbel-Sandelholz-255x300.png\" alt=\"\" width=\"255\" height=\"300\" srcset=\"https:\/\/sinnenwohl.de\/wp-content\/uploads\/2019\/02\/1-HAUT-PFLEGE\u00d6L-Dr.-G\u00fcmbel-Sandelholz-255x300.png 255w, https:\/\/sinnenwohl.de\/wp-content\/uploads\/2019\/02\/1-HAUT-PFLEGE\u00d6L-Dr.-G\u00fcmbel-Sandelholz.png 289w\" sizes=\"(max-width: 255px) 100vw, 255px\" \/><\/p>\n<p><img loading=\"lazy\" decoding=\"async\" class=\"alignnone size-medium wp-image-602\" src=\"https:\/\/sinnenwohl.de\/wp-content\/uploads\/2019\/02\/3-HAUT-PFLEGE\u00d6L-Dr.-G\u00fcmbel-Thymian-257x300.png\" alt=\"\" width=\"257\" height=\"300\" srcset=\"https:\/\/sinnenwohl.de\/wp-content\/uploads\/2019\/02\/3-HAUT-PFLEGE\u00d6L-Dr.-G\u00fcmbel-Thymian-257x300.png 257w, https:\/\/sinnenwohl.de\/wp-content\/uploads\/2019\/02\/3-HAUT-PFLEGE\u00d6L-Dr.-G\u00fcmbel-Thymian.png 291w\" sizes=\"(max-width: 257px) 100vw, 257px\" \/> <img loading=\"lazy\" decoding=\"async\" class=\"alignnone size-medium wp-image-603\" src=\"https:\/\/sinnenwohl.de\/wp-content\/uploads\/2019\/02\/4-HAUT-PFLEGE\u00d6L-Dr.-G\u00fcmbel-Salbei-256x300.png\" alt=\"\" width=\"256\" height=\"300\" srcset=\"https:\/\/sinnenwohl.de\/wp-content\/uploads\/2019\/02\/4-HAUT-PFLEGE\u00d6L-Dr.-G\u00fcmbel-Salbei-256x300.png 256w, https:\/\/sinnenwohl.de\/wp-content\/uploads\/2019\/02\/4-HAUT-PFLEGE\u00d6L-Dr.-G\u00fcmbel-Salbei.png 288w\" sizes=\"(max-width: 256px) 100vw, 256px\" \/> <img loading=\"lazy\" decoding=\"async\" class=\"alignnone size-medium wp-image-604\" src=\"https:\/\/sinnenwohl.de\/wp-content\/uploads\/2019\/02\/5-HAUT-PFLEGE\u00d6L-Dr.-G\u00fcmbel-Rosmarin-255x300.png\" alt=\"\" width=\"255\" height=\"300\" srcset=\"https:\/\/sinnenwohl.de\/wp-content\/uploads\/2019\/02\/5-HAUT-PFLEGE\u00d6L-Dr.-G\u00fcmbel-Rosmarin-255x300.png 255w, https:\/\/sinnenwohl.de\/wp-content\/uploads\/2019\/02\/5-HAUT-PFLEGE\u00d6L-Dr.-G\u00fcmbel-Rosmarin.png 288w\" sizes=\"(max-width: 255px) 100vw, 255px\" \/> <img loading=\"lazy\" decoding=\"async\" class=\"alignnone size-medium wp-image-605\" src=\"https:\/\/sinnenwohl.de\/wp-content\/uploads\/2019\/02\/6-HAUT-PFLEGE\u00d6L-Dr.-G\u00fcmbel-Lavendel-257x300.png\" alt=\"\" width=\"257\" height=\"300\" srcset=\"https:\/\/sinnenwohl.de\/wp-content\/uploads\/2019\/02\/6-HAUT-PFLEGE\u00d6L-Dr.-G\u00fcmbel-Lavendel-257x300.png 257w, https:\/\/sinnenwohl.de\/wp-content\/uploads\/2019\/02\/6-HAUT-PFLEGE\u00d6L-Dr.-G\u00fcmbel-Lavendel.png 305w\" sizes=\"(max-width: 257px) 100vw, 257px\" \/> <img loading=\"lazy\" decoding=\"async\" class=\"alignnone size-medium wp-image-606\" src=\"https:\/\/sinnenwohl.de\/wp-content\/uploads\/2019\/02\/7-HAUT-PFLEGE\u00d6L-Dr.-G\u00fcmbel-Narde-251x300.png\" alt=\"\" width=\"251\" height=\"300\" srcset=\"https:\/\/sinnenwohl.de\/wp-content\/uploads\/2019\/02\/7-HAUT-PFLEGE\u00d6L-Dr.-G\u00fcmbel-Narde-251x300.png 251w, https:\/\/sinnenwohl.de\/wp-content\/uploads\/2019\/02\/7-HAUT-PFLEGE\u00d6L-Dr.-G\u00fcmbel-Narde.png 294w\" sizes=\"(max-width: 251px) 100vw, 251px\" \/> <img loading=\"lazy\" decoding=\"async\" class=\"alignnone size-medium wp-image-607\" src=\"https:\/\/sinnenwohl.de\/wp-content\/uploads\/2019\/02\/8-HAUT-PFLEGE\u00d6L-Dr.-G\u00fcmbel-Lemongras-251x300.png\" alt=\"\" width=\"251\" height=\"300\" srcset=\"https:\/\/sinnenwohl.de\/wp-content\/uploads\/2019\/02\/8-HAUT-PFLEGE\u00d6L-Dr.-G\u00fcmbel-Lemongras-251x300.png 251w, https:\/\/sinnenwohl.de\/wp-content\/uploads\/2019\/02\/8-HAUT-PFLEGE\u00d6L-Dr.-G\u00fcmbel-Lemongras.png 286w\" sizes=\"(max-width: 251px) 100vw, 251px\" \/> <img loading=\"lazy\" decoding=\"async\" class=\"alignnone size-medium wp-image-608\" src=\"https:\/\/sinnenwohl.de\/wp-content\/uploads\/2019\/02\/9-HAUT-PFLEGE\u00d6L-Dr.-G\u00fcmbel-Pfefferminze-263x300.png\" alt=\"\" width=\"263\" height=\"300\" srcset=\"https:\/\/sinnenwohl.de\/wp-content\/uploads\/2019\/02\/9-HAUT-PFLEGE\u00d6L-Dr.-G\u00fcmbel-Pfefferminze-263x300.png 263w, https:\/\/sinnenwohl.de\/wp-content\/uploads\/2019\/02\/9-HAUT-PFLEGE\u00d6L-Dr.-G\u00fcmbel-Pfefferminze.png 295w\" sizes=\"(max-width: 263px) 100vw, 263px\" \/> <img loading=\"lazy\" decoding=\"async\" class=\"alignnone size-medium wp-image-609\" src=\"https:\/\/sinnenwohl.de\/wp-content\/uploads\/2019\/02\/10-HAUT-PFLEGE\u00d6L-Dr.-G\u00fcmbel-Kiefernadel-255x300.png\" alt=\"\" width=\"255\" height=\"300\" srcset=\"https:\/\/sinnenwohl.de\/wp-content\/uploads\/2019\/02\/10-HAUT-PFLEGE\u00d6L-Dr.-G\u00fcmbel-Kiefernadel-255x300.png 255w, https:\/\/sinnenwohl.de\/wp-content\/uploads\/2019\/02\/10-HAUT-PFLEGE\u00d6L-Dr.-G\u00fcmbel-Kiefernadel.png 287w\" sizes=\"(max-width: 255px) 100vw, 255px\" \/> <img loading=\"lazy\" decoding=\"async\" class=\"alignnone size-medium wp-image-610\" src=\"https:\/\/sinnenwohl.de\/wp-content\/uploads\/2019\/02\/11-HAUT-PFLEGE\u00d6L-Dr.-G\u00fcmbel-Eukalyptus-253x300.png\" alt=\"\" width=\"253\" height=\"300\" srcset=\"https:\/\/sinnenwohl.de\/wp-content\/uploads\/2019\/02\/11-HAUT-PFLEGE\u00d6L-Dr.-G\u00fcmbel-Eukalyptus-253x300.png 253w, https:\/\/sinnenwohl.de\/wp-content\/uploads\/2019\/02\/11-HAUT-PFLEGE\u00d6L-Dr.-G\u00fcmbel-Eukalyptus.png 288w\" sizes=\"(max-width: 253px) 100vw, 253px\" \/> <img loading=\"lazy\" decoding=\"async\" class=\"alignnone size-medium wp-image-611\" src=\"https:\/\/sinnenwohl.de\/wp-content\/uploads\/2019\/02\/12-HAUT-PFLEGE\u00d6L-Dr.-G\u00fcmbel-Zitrone-255x300.png\" alt=\"\" width=\"255\" height=\"300\" srcset=\"https:\/\/sinnenwohl.de\/wp-content\/uploads\/2019\/02\/12-HAUT-PFLEGE\u00d6L-Dr.-G\u00fcmbel-Zitrone-255x300.png 255w, https:\/\/sinnenwohl.de\/wp-content\/uploads\/2019\/02\/12-HAUT-PFLEGE\u00d6L-Dr.-G\u00fcmbel-Zitrone.png 287w\" sizes=\"(max-width: 255px) 100vw, 255px\" \/> <img loading=\"lazy\" decoding=\"async\" class=\"alignnone size-medium wp-image-612\" src=\"https:\/\/sinnenwohl.de\/wp-content\/uploads\/2019\/02\/13-HAUT-PFLEGE\u00d6L-Dr.-G\u00fcmbelOrange-255x300.png\" alt=\"\" width=\"255\" height=\"300\" srcset=\"https:\/\/sinnenwohl.de\/wp-content\/uploads\/2019\/02\/13-HAUT-PFLEGE\u00d6L-Dr.-G\u00fcmbelOrange-255x300.png 255w, https:\/\/sinnenwohl.de\/wp-content\/uploads\/2019\/02\/13-HAUT-PFLEGE\u00d6L-Dr.-G\u00fcmbelOrange.png 287w\" sizes=\"(max-width: 255px) 100vw, 255px\" \/><\/p>\n","protected":false},"excerpt":{"rendered":"<p>Die HAUT-PFLEGE\u00d6LE Dr. G\u00fcmbel sind Lotionen, basierend ausschliesslich auf hochwertigem\u00a0biologischem Jojoba\u00f6l welches ein fl\u00fcssiges pflanzliches Wachs aus der Jojoba-Nuss ist und mit Edelsteinen energetisierten Essenzen angereichert ist. Sie dienen \u00fcberwiegend der K\u00f6rper-Pflege,k\u00f6nnen aber genauso gut auch f\u00fcr die Gesichtspflege eingesetzt werden. Sie werden mit leichten\u00a0kreisenden Bewegungen auf der zuvor abgereinigten Haut verrieben. Die Heilschwingung der &hellip; <\/p>\n<p class=\"link-more\"><a href=\"https:\/\/sinnenwohl.de\/?page_id=103\" class=\"more-link\"><span class=\"screen-reader-text\">\u201eHAUT-PFLEGE\u00d6LE Dr. G\u00fcmbel\u201c<\/span> weiterlesen<\/a><\/p>\n","protected":false},"author":1,"featured_media":0,"parent":0,"menu_order":0,"comment_status":"closed","ping_status":"closed","template":"","meta":{"footnotes":""},"_links":{"self":[{"href":"https:\/\/sinnenwohl.de\/index.php?rest_route=\/wp\/v2\/pages\/103"}],"collection":[{"href":"https:\/\/sinnenwohl.de\/index.php?rest_route=\/wp\/v2\/pages"}],"about":[{"href":"https:\/\/sinnenwohl.de\/index.php?rest_route=\/wp\/v2\/types\/page"}],"author":[{"embeddable":true,"href":"https:\/\/sinnenwohl.de\/index.php?rest_route=\/wp\/v2\/users\/1"}],"replies":[{"embeddable":true,"href":"https:\/\/sinnenwohl.de\/index.php?rest_route=%2Fwp%2Fv2%2Fcomments&post=103"}],"version-history":[{"count":22,"href":"https:\/\/sinnenwohl.de\/index.php?rest_route=\/wp\/v2\/pages\/103\/revisions"}],"predecessor-version":[{"id":642,"href":"https:\/\/sinnenwohl.de\/index.php?rest_route=\/wp\/v2\/pages\/103\/revisions\/642"}],"wp:attachment":[{"href":"https:\/\/sinnenwohl.de\/index.php?rest_route=%2Fwp%2Fv2%2Fmedia&parent=103"}],"curies":[{"name":"wp","href":"https:\/\/api.w.org\/{rel}","templated":true}]}}